{"id":1426,"date":"2025-11-28T12:06:03","date_gmt":"2025-11-28T11:06:03","guid":{"rendered":"https:\/\/www.aubergedesblancscailloux.be\/regles-du-menage\/"},"modified":"2025-12-01T15:07:49","modified_gmt":"2025-12-01T14:07:49","slug":"regles-du-menage","status":"publish","type":"page","link":"https:\/\/www.aubergedesblancscailloux.be\/fr\/regles-du-menage\/","title":{"rendered":"R\u00e8gles du m\u00e9nage"},"content":{"rendered":"\t\t<div data-elementor-type=\"wp-page\" data-elementor-id=\"1426\" class=\"elementor elementor-1426 elementor-1357\" data-elementor-post-type=\"page\">\n\t\t\t\t<div class=\"elementor-element elementor-element-15bc79d e-flex e-con-boxed e-con e-parent\" data-id=\"15bc79d\" data-element_type=\"container\" data-e-type=\"container\">\n\t\t\t\t\t<div class=\"e-con-inner\">\n\t\t<div class=\"elementor-element elementor-element-d09615e e-con-full e-flex e-con e-child\" data-id=\"d09615e\" data-element_type=\"container\" data-e-type=\"container\">\n\t\t\t\t<div class=\"elementor-element elementor-element-65284d0 elementor-widget elementor-widget-heading\" data-id=\"65284d0\" data-element_type=\"widget\" data-e-type=\"widget\" data-widget_type=\"heading.default\">\n\t\t\t\t<div class=\"elementor-widget-container\">\n\t\t\t\t\t<h1 class=\"elementor-heading-title elementor-size-default\">R\u00e8gles de la maison + conseils pratiques<\/h1>\t\t\t\t<\/div>\n\t\t\t\t<\/div>\n\t\t\t\t<div class=\"elementor-element elementor-element-a611542 elementor-widget elementor-widget-text-editor\" data-id=\"a611542\" data-element_type=\"widget\" data-e-type=\"widget\" data-widget_type=\"text-editor.default\">\n\t\t\t\t<div class=\"elementor-widget-container\">\n\t\t\t\t\t\t\t\t\t<div class=\"wp-block-siteorigin-panels-layout-block\"><div id=\"pl-62\" class=\"panel-layout\"><div id=\"pg-62-0\" class=\"panel-grid panel-has-style\"><div class=\"rij1_privacy rij1 panel-row-style panel-row-style-for-62-0\"><div id=\"pgc-62-0-0\" class=\"panel-grid-cell\"><div id=\"panel-62-0-0-0\" class=\"so-panel widget widget_sow-editor panel-first-child panel-last-child\" data-index=\"0\"><div class=\"so-widget-sow-editor so-widget-sow-editor-base\"><div class=\"siteorigin-widget-tinymce textwidget\"><ol><li><strong>Arriv\u00e9e et d\u00e9part<\/strong><ul><li>L'enregistrement se fait \u00e0 partir de <strong>15h00<\/strong>.<\/li><li>Le d\u00e9part doit \u00eatre effectu\u00e9 au plus tard \u00e0 <strong>10h00 en semaine<\/strong> et \u00e0 <strong>18h00 le dimanche<\/strong>.<\/li><\/ul><\/li><li><strong>Nombre maximum d'invit\u00e9s<\/strong><ul><li>Le logement de vacances ne peut \u00eatre occup\u00e9 que par le nombre de personnes indiqu\u00e9 lors de la r\u00e9servation. Aucun visiteur suppl\u00e9mentaire n'est autoris\u00e9 sans accord pr\u00e9alable. <\/li><\/ul><\/li><li><strong>Paix et nuisances<\/strong><ul><li>Nous vous demandons de respecter la tranquillit\u00e9 du voisinage. Merci de limiter le bruit en soir\u00e9e. <\/li><li>Les f\u00eates, enterrements de vie de gar\u00e7on\/jeune fille et grands rassemblements <strong>sont interdits<\/strong>. Ils constituent une nuisance et peuvent entra\u00eener l'interruption imm\u00e9diate de votre s\u00e9jour et la conservation de votre caution. <\/li><li>Une p\u00e9riode de silence est en vigueur entre 22h et <strong>7h<\/strong> du matin.<\/li><\/ul><\/li><li><strong>Fumer<\/strong><ul><li>Il est interdit de fumer \u00e0 l'int\u00e9rieur de la maison de vacances.<\/li><li>Il est permis de fumer \u00e0 l'ext\u00e9rieur, mais uniquement dans les zones d\u00e9sign\u00e9es et des cendriers sont fournis.<\/li><\/ul><\/li><li><strong>S\u00e9curit\u00e9 et incendie<\/strong><ul><li>Les feux ouverts, les bougies, les appareils \u00e0 fondue ou de cuisine gastronomique, les friteuses ou appareils similaires ne sont pas autoris\u00e9s \u00e0 l'int\u00e9rieur (l'alarme incendie pourrait se d\u00e9clencher).<\/li><li>Avant de partir, v\u00e9rifiez que les fen\u00eatres et les portes sont bien ferm\u00e9es.<\/li><li>Ne bloquez pas les voies d'\u00e9vacuation ni les \u00e9quipements de s\u00e9curit\u00e9 incendie (tels que les extincteurs).<\/li><\/ul><\/li><li><strong>D\u00e9chets et propret\u00e9<\/strong><ul><li>Triez les d\u00e9chets conform\u00e9ment aux directives applicables (PMD, papier\/carton, d\u00e9chets r\u00e9siduels, verre, etc.) dans les poubelles pr\u00e9vues \u00e0 cet effet \u00e0 l'ext\u00e9rieur.<\/li><li>Veuillez laisser la maison propre et rang\u00e9e lors de votre d\u00e9part.<\/li><li>Videz le r\u00e9frig\u00e9rateur, le cong\u00e9lateur et les poubelles, et nettoyez si n\u00e9cessaire.<\/li><li>Utilisez les appareils de cuisine (four, barbecue, plaque de cuisson) avec soin et rangez-les apr\u00e8s utilisation.<\/li><\/ul><\/li><li><strong>Inventaire et mobilier<\/strong><ul><li>Ne d\u00e9placez pas les meubles ni les appareils \u00e9lectroniques sans les consulter.<\/li><li>Veuillez signaler imm\u00e9diatement tout dommage ou bris \u00e0 l'h\u00f4tesse afin que des r\u00e9parations ou un remplacement puissent \u00eatre organis\u00e9s.<\/li><li>Veuillez utiliser le linge fourni \u2013 tout salissure ou dommage suppl\u00e9mentaire pourra entra\u00eener la retenue (partielle) de la caution.<\/li><\/ul><\/li><li><strong>Animaux de compagnie<\/strong><ul><li>Les animaux domestiques ne sont admis qu'avec une autorisation pr\u00e9alable.<\/li><li>Si vous poss\u00e9dez des animaux de compagnie, vous \u00eates responsable de leur propret\u00e9 et de leur s\u00e9curit\u00e9. Tout dommage caus\u00e9 par l'animal est \u00e0 votre charge. <\/li><li>Faites attention aux animaux de votre jardin. Ils aiment observer les chiens \u00e0 distance. <\/li><\/ul><\/li><li><strong>\u00c9conomie d'\u00e9nergie<\/strong><ul><li>Faites attention \u00e0 l'\u00e9lectricit\u00e9, \u00e0 l'eau et au chauffage. Fermez les fen\u00eatres et les portes lorsque le chauffage est allum\u00e9. <\/li><li>\u00c9teignez les lumi\u00e8res lorsque vous quittez la maison.<\/li><\/ul><\/li><li><strong>Responsabilit\u00e9<\/strong><ul><li>Vous \u00eates responsable de tout dommage caus\u00e9 \u00e0 la maison ou \u00e0 son inventaire par vous-m\u00eame, vos compagnons de voyage ou vos visiteurs.<\/li><li>Vous laissez vos effets personnels dans la maison \u00e0 vos propres risques ; le propri\u00e9taire ne peut \u00eatre tenu responsable en cas de perte ou de vol.<\/li><li>En cas de violation des r\u00e8gles importantes de la maison (telles que fumer, les invit\u00e9s suppl\u00e9mentaires, les f\u00eates), le propri\u00e9taire se r\u00e9serve le droit de retenir (une partie de) la caution.<\/li><\/ul><\/li><li><strong>R\u00e9clamations et communication<\/strong><ul><li>En cas de dommages, de d\u00e9fauts ou d'autres probl\u00e8mes, veuillez le signaler d\u00e8s que possible afin que nous puissions trouver une solution ensemble.<\/li><li>Signalez votre d\u00e9part et la restitution des cl\u00e9s selon les modalit\u00e9s convenues (par exemple, par code, d\u00e9p\u00f4t, etc.).<\/li><\/ul><\/li><\/ol><\/div><\/div><\/div><\/div><\/div><\/div><\/div><\/div>\t\t\t\t\t\t\t\t<\/div>\n\t\t\t\t<\/div>\n\t\t\t\t<\/div>\n\t\t\t\t\t<\/div>\n\t\t\t\t<\/div>\n\t\t<div class=\"elementor-element elementor-element-6e15895 e-flex e-con-boxed e-con e-parent\" data-id=\"6e15895\" data-element_type=\"container\" data-e-type=\"container\">\n\t\t\t\t\t<div class=\"e-con-inner\">\n\t\t<div class=\"elementor-element elementor-element-d698ccd e-con-full e-flex e-con e-child\" data-id=\"d698ccd\" data-element_type=\"container\" data-e-type=\"container\">\n\t\t\t\t<div class=\"elementor-element elementor-element-c58f129 elementor-widget elementor-widget-video\" data-id=\"c58f129\" data-element_type=\"widget\" data-e-type=\"widget\" data-settings=\"{&quot;youtube_url&quot;:&quot;https:\\\/\\\/www.youtube.com\\\/shorts\\\/qQl5jSrT6cE?feature=share&quot;,&quot;mute&quot;:&quot;yes&quot;,&quot;video_type&quot;:&quot;youtube&quot;,&quot;controls&quot;:&quot;yes&quot;}\" data-widget_type=\"video.default\">\n\t\t\t\t<div class=\"elementor-widget-container\">\n\t\t\t\t\t\t\t<div class=\"elementor-wrapper elementor-open-inline\">\n\t\t\t<div class=\"elementor-video\"><\/div>\t\t<\/div>\n\t\t\t\t\t\t<\/div>\n\t\t\t\t<\/div>\n\t\t<div class=\"elementor-element elementor-element-3c4d351 e-con-full e-flex e-con e-child\" data-id=\"3c4d351\" data-element_type=\"container\" data-e-type=\"container\">\n\t\t\t\t<div class=\"elementor-element elementor-element-c830238 elementor-widget elementor-widget-spacer\" data-id=\"c830238\" data-element_type=\"widget\" data-e-type=\"widget\" data-widget_type=\"spacer.default\">\n\t\t\t\t<div class=\"elementor-widget-container\">\n\t\t\t\t\t\t\t<div class=\"elementor-spacer\">\n\t\t\t<div class=\"elementor-spacer-inner\"><\/div>\n\t\t<\/div>\n\t\t\t\t\t\t<\/div>\n\t\t\t\t<\/div>\n\t\t\t\t<\/div>\n\t\t\t\t<\/div>\n\t\t\t\t\t<\/div>\n\t\t\t\t<\/div>\n\t\t<div class=\"elementor-element elementor-element-3b44e6e e-flex e-con-boxed e-con e-parent\" data-id=\"3b44e6e\" data-element_type=\"container\" data-e-type=\"container\">\n\t\t\t\t\t<div class=\"e-con-inner\">\n\t\t\t\t<div class=\"elementor-element elementor-element-55579ac elementor-widget elementor-widget-video\" data-id=\"55579ac\" data-element_type=\"widget\" data-e-type=\"widget\" data-settings=\"{&quot;youtube_url&quot;:&quot;https:\\\/\\\/www.youtube.com\\\/shorts\\\/nKZVLhow85Q?feature=share&quot;,&quot;mute&quot;:&quot;yes&quot;,&quot;video_type&quot;:&quot;youtube&quot;,&quot;controls&quot;:&quot;yes&quot;}\" data-widget_type=\"video.default\">\n\t\t\t\t<div class=\"elementor-widget-container\">\n\t\t\t\t\t\t\t<div class=\"elementor-wrapper elementor-open-inline\">\n\t\t\t<div class=\"elementor-video\"><\/div>\t\t<\/div>\n\t\t\t\t\t\t<\/div>\n\t\t\t\t<\/div>\n\t\t\t\t\t<\/div>\n\t\t\t\t<\/div>\n\t\t<div class=\"elementor-element elementor-element-3b0a54d e-flex e-con-boxed e-con e-parent\" data-id=\"3b0a54d\" data-element_type=\"container\" data-e-type=\"container\">\n\t\t\t\t\t<div class=\"e-con-inner\">\n\t\t\t\t<div class=\"elementor-element elementor-element-0cc53f8 elementor-widget elementor-widget-spacer\" data-id=\"0cc53f8\" data-element_type=\"widget\" data-e-type=\"widget\" data-widget_type=\"spacer.default\">\n\t\t\t\t<div class=\"elementor-widget-container\">\n\t\t\t\t\t\t\t<div class=\"elementor-spacer\">\n\t\t\t<div class=\"elementor-spacer-inner\"><\/div>\n\t\t<\/div>\n\t\t\t\t\t\t<\/div>\n\t\t\t\t<\/div>\n\t\t\t\t\t<\/div>\n\t\t\t\t<\/div>\n\t\t<div class=\"elementor-element elementor-element-563ff75 e-flex e-con-boxed e-con e-parent\" data-id=\"563ff75\" data-element_type=\"container\" data-e-type=\"container\">\n\t\t\t\t\t<div class=\"e-con-inner\">\n\t\t\t\t<div class=\"elementor-element elementor-element-f8c23cc elementor-widget elementor-widget-video\" data-id=\"f8c23cc\" data-element_type=\"widget\" data-e-type=\"widget\" data-settings=\"{&quot;youtube_url&quot;:&quot;https:\\\/\\\/www.youtube.com\\\/shorts\\\/IvcRJ3Gmtm4?feature=share&quot;,&quot;video_type&quot;:&quot;youtube&quot;,&quot;controls&quot;:&quot;yes&quot;}\" data-widget_type=\"video.default\">\n\t\t\t\t<div class=\"elementor-widget-container\">\n\t\t\t\t\t\t\t<div class=\"elementor-wrapper elementor-open-inline\">\n\t\t\t<div class=\"elementor-video\"><\/div>\t\t<\/div>\n\t\t\t\t\t\t<\/div>\n\t\t\t\t<\/div>\n\t\t\t\t\t<\/div>\n\t\t\t\t<\/div>\n\t\t<div class=\"elementor-element elementor-element-753bed0 e-flex e-con-boxed e-con e-parent\" data-id=\"753bed0\" data-element_type=\"container\" data-e-type=\"container\">\n\t\t\t\t\t<div class=\"e-con-inner\">\n\t\t\t\t<div class=\"elementor-element elementor-element-3d76c6c elementor-widget elementor-widget-spacer\" data-id=\"3d76c6c\" data-element_type=\"widget\" data-e-type=\"widget\" data-widget_type=\"spacer.default\">\n\t\t\t\t<div class=\"elementor-widget-container\">\n\t\t\t\t\t\t\t<div class=\"elementor-spacer\">\n\t\t\t<div class=\"elementor-spacer-inner\"><\/div>\n\t\t<\/div>\n\t\t\t\t\t\t<\/div>\n\t\t\t\t<\/div>\n\t\t\t\t\t<\/div>\n\t\t\t\t<\/div>\n\t\t\t\t<\/div>\n\t\t","protected":false},"excerpt":{"rendered":"<p>R\u00e8gles de la maison + conseils pratiques Arriv\u00e9e et d\u00e9part L'enregistrement se fait \u00e0 partir de 15h00. Le d\u00e9part doit \u00eatre effectu\u00e9 au plus tard \u00e0 10h00 en semaine et \u00e0 18h00 le dimanche. Nombre maximum d'invit\u00e9s Le logement de vacances ne peut \u00eatre occup\u00e9 que par le nombre de personnes indiqu\u00e9 lors de la [&hellip;]<\/p>\n","protected":false},"author":6,"featured_media":0,"parent":0,"menu_order":0,"comment_status":"closed","ping_status":"closed","template":"","meta":{"footnotes":""},"class_list":["post-1426","page","type-page","status-publish","hentry"],"yoast_head":"<!-- This site is optimized with the Yoast SEO plugin v27.0 - https:\/\/yoast.com\/product\/yoast-seo-wordpress\/ -->\n<title>R\u00e8gles du m\u00e9nage - Auberge des Blancs Cailloux<\/title>\n<meta name=\"robots\" content=\"index, follow, max-snippet:-1, max-image-preview:large, max-video-preview:-1\" \/>\n<link rel=\"canonical\" href=\"https:\/\/www.aubergedesblancscailloux.be\/fr\/regles-du-menage\/\" \/>\n<meta property=\"og:locale\" content=\"fr_FR\" \/>\n<meta property=\"og:type\" content=\"article\" \/>\n<meta property=\"og:title\" content=\"R\u00e8gles du m\u00e9nage - Auberge des Blancs Cailloux\" \/>\n<meta property=\"og:description\" content=\"R\u00e8gles de la maison + conseils pratiques Arriv\u00e9e et d\u00e9part L&#039;enregistrement se fait \u00e0 partir de 15h00. Le d\u00e9part doit \u00eatre effectu\u00e9 au plus tard \u00e0 10h00 en semaine et \u00e0 18h00 le dimanche. Nombre maximum d&#039;invit\u00e9s Le logement de vacances ne peut \u00eatre occup\u00e9 que par le nombre de personnes indiqu\u00e9 lors de la [&hellip;]\" \/>\n<meta property=\"og:url\" content=\"https:\/\/www.aubergedesblancscailloux.be\/fr\/regles-du-menage\/\" \/>\n<meta property=\"og:site_name\" content=\"Auberge des Blancs Cailloux\" \/>\n<meta property=\"article:modified_time\" content=\"2025-12-01T14:07:49+00:00\" \/>\n<meta name=\"twitter:card\" content=\"summary_large_image\" \/>\n<meta name=\"twitter:label1\" content=\"Dur\u00e9e de lecture estim\u00e9e\" \/>\n\t<meta name=\"twitter:data1\" content=\"3 minutes\" \/>\n<script type=\"application\/ld+json\" class=\"yoast-schema-graph\">{\"@context\":\"https:\/\/schema.org\",\"@graph\":[{\"@type\":\"WebPage\",\"@id\":\"https:\/\/www.aubergedesblancscailloux.be\/fr\/regles-du-menage\/\",\"url\":\"https:\/\/www.aubergedesblancscailloux.be\/fr\/regles-du-menage\/\",\"name\":\"R\u00e8gles du m\u00e9nage - Auberge des Blancs Cailloux\",\"isPartOf\":{\"@id\":\"https:\/\/www.aubergedesblancscailloux.be\/fr\/#website\"},\"datePublished\":\"2025-11-28T11:06:03+00:00\",\"dateModified\":\"2025-12-01T14:07:49+00:00\",\"breadcrumb\":{\"@id\":\"https:\/\/www.aubergedesblancscailloux.be\/fr\/regles-du-menage\/#breadcrumb\"},\"inLanguage\":\"fr-FR\",\"potentialAction\":[{\"@type\":\"ReadAction\",\"target\":[\"https:\/\/www.aubergedesblancscailloux.be\/fr\/regles-du-menage\/\"]}]},{\"@type\":\"BreadcrumbList\",\"@id\":\"https:\/\/www.aubergedesblancscailloux.be\/fr\/regles-du-menage\/#breadcrumb\",\"itemListElement\":[{\"@type\":\"ListItem\",\"position\":1,\"name\":\"Accueil\",\"item\":\"https:\/\/www.aubergedesblancscailloux.be\/fr\/\"},{\"@type\":\"ListItem\",\"position\":2,\"name\":\"R\u00e8gles du m\u00e9nage\"}]},{\"@type\":\"WebSite\",\"@id\":\"https:\/\/www.aubergedesblancscailloux.be\/fr\/#website\",\"url\":\"https:\/\/www.aubergedesblancscailloux.be\/fr\/\",\"name\":\"Auberge des Blancs Cailloux\",\"description\":\"\",\"publisher\":{\"@id\":\"https:\/\/www.aubergedesblancscailloux.be\/fr\/#organization\"},\"potentialAction\":[{\"@type\":\"SearchAction\",\"target\":{\"@type\":\"EntryPoint\",\"urlTemplate\":\"https:\/\/www.aubergedesblancscailloux.be\/fr\/?s={search_term_string}\"},\"query-input\":{\"@type\":\"PropertyValueSpecification\",\"valueRequired\":true,\"valueName\":\"search_term_string\"}}],\"inLanguage\":\"fr-FR\"},{\"@type\":\"Organization\",\"@id\":\"https:\/\/www.aubergedesblancscailloux.be\/fr\/#organization\",\"name\":\"Auberge des Blancs Cailloux\",\"url\":\"https:\/\/www.aubergedesblancscailloux.be\/fr\/\",\"logo\":{\"@type\":\"ImageObject\",\"inLanguage\":\"fr-FR\",\"@id\":\"https:\/\/www.aubergedesblancscailloux.be\/fr\/#\/schema\/logo\/image\/\",\"url\":\"https:\/\/www.aubergedesblancscailloux.be\/wp-content\/uploads\/2022\/07\/6ecb7ced31a675496dcfcd3d66bd492d-1.png-e1747643406953-1-1.png\",\"contentUrl\":\"https:\/\/www.aubergedesblancscailloux.be\/wp-content\/uploads\/2022\/07\/6ecb7ced31a675496dcfcd3d66bd492d-1.png-e1747643406953-1-1.png\",\"width\":233,\"height\":172,\"caption\":\"Auberge des Blancs Cailloux\"},\"image\":{\"@id\":\"https:\/\/www.aubergedesblancscailloux.be\/fr\/#\/schema\/logo\/image\/\"}}]}<\/script>\n<!-- \/ Yoast SEO plugin. -->","yoast_head_json":{"title":"R\u00e8gles du m\u00e9nage - Auberge des Blancs Cailloux","robots":{"index":"index","follow":"follow","max-snippet":"max-snippet:-1","max-image-preview":"max-image-preview:large","max-video-preview":"max-video-preview:-1"},"canonical":"https:\/\/www.aubergedesblancscailloux.be\/fr\/regles-du-menage\/","og_locale":"fr_FR","og_type":"article","og_title":"R\u00e8gles du m\u00e9nage - Auberge des Blancs Cailloux","og_description":"R\u00e8gles de la maison + conseils pratiques Arriv\u00e9e et d\u00e9part L'enregistrement se fait \u00e0 partir de 15h00. Le d\u00e9part doit \u00eatre effectu\u00e9 au plus tard \u00e0 10h00 en semaine et \u00e0 18h00 le dimanche. Nombre maximum d'invit\u00e9s Le logement de vacances ne peut \u00eatre occup\u00e9 que par le nombre de personnes indiqu\u00e9 lors de la [&hellip;]","og_url":"https:\/\/www.aubergedesblancscailloux.be\/fr\/regles-du-menage\/","og_site_name":"Auberge des Blancs Cailloux","article_modified_time":"2025-12-01T14:07:49+00:00","twitter_card":"summary_large_image","twitter_misc":{"Dur\u00e9e de lecture estim\u00e9e":"3 minutes"},"schema":{"@context":"https:\/\/schema.org","@graph":[{"@type":"WebPage","@id":"https:\/\/www.aubergedesblancscailloux.be\/fr\/regles-du-menage\/","url":"https:\/\/www.aubergedesblancscailloux.be\/fr\/regles-du-menage\/","name":"R\u00e8gles du m\u00e9nage - Auberge des Blancs Cailloux","isPartOf":{"@id":"https:\/\/www.aubergedesblancscailloux.be\/fr\/#website"},"datePublished":"2025-11-28T11:06:03+00:00","dateModified":"2025-12-01T14:07:49+00:00","breadcrumb":{"@id":"https:\/\/www.aubergedesblancscailloux.be\/fr\/regles-du-menage\/#breadcrumb"},"inLanguage":"fr-FR","potentialAction":[{"@type":"ReadAction","target":["https:\/\/www.aubergedesblancscailloux.be\/fr\/regles-du-menage\/"]}]},{"@type":"BreadcrumbList","@id":"https:\/\/www.aubergedesblancscailloux.be\/fr\/regles-du-menage\/#breadcrumb","itemListElement":[{"@type":"ListItem","position":1,"name":"Accueil","item":"https:\/\/www.aubergedesblancscailloux.be\/fr\/"},{"@type":"ListItem","position":2,"name":"R\u00e8gles du m\u00e9nage"}]},{"@type":"WebSite","@id":"https:\/\/www.aubergedesblancscailloux.be\/fr\/#website","url":"https:\/\/www.aubergedesblancscailloux.be\/fr\/","name":"Auberge des Blancs Cailloux","description":"","publisher":{"@id":"https:\/\/www.aubergedesblancscailloux.be\/fr\/#organization"},"potentialAction":[{"@type":"SearchAction","target":{"@type":"EntryPoint","urlTemplate":"https:\/\/www.aubergedesblancscailloux.be\/fr\/?s={search_term_string}"},"query-input":{"@type":"PropertyValueSpecification","valueRequired":true,"valueName":"search_term_string"}}],"inLanguage":"fr-FR"},{"@type":"Organization","@id":"https:\/\/www.aubergedesblancscailloux.be\/fr\/#organization","name":"Auberge des Blancs Cailloux","url":"https:\/\/www.aubergedesblancscailloux.be\/fr\/","logo":{"@type":"ImageObject","inLanguage":"fr-FR","@id":"https:\/\/www.aubergedesblancscailloux.be\/fr\/#\/schema\/logo\/image\/","url":"https:\/\/www.aubergedesblancscailloux.be\/wp-content\/uploads\/2022\/07\/6ecb7ced31a675496dcfcd3d66bd492d-1.png-e1747643406953-1-1.png","contentUrl":"https:\/\/www.aubergedesblancscailloux.be\/wp-content\/uploads\/2022\/07\/6ecb7ced31a675496dcfcd3d66bd492d-1.png-e1747643406953-1-1.png","width":233,"height":172,"caption":"Auberge des Blancs Cailloux"},"image":{"@id":"https:\/\/www.aubergedesblancscailloux.be\/fr\/#\/schema\/logo\/image\/"}}]}},"_links":{"self":[{"href":"https:\/\/www.aubergedesblancscailloux.be\/fr\/wp-json\/wp\/v2\/pages\/1426","targetHints":{"allow":["GET"]}}],"collection":[{"href":"https:\/\/www.aubergedesblancscailloux.be\/fr\/wp-json\/wp\/v2\/pages"}],"about":[{"href":"https:\/\/www.aubergedesblancscailloux.be\/fr\/wp-json\/wp\/v2\/types\/page"}],"author":[{"embeddable":true,"href":"https:\/\/www.aubergedesblancscailloux.be\/fr\/wp-json\/wp\/v2\/users\/6"}],"replies":[{"embeddable":true,"href":"https:\/\/www.aubergedesblancscailloux.be\/fr\/wp-json\/wp\/v2\/comments?post=1426"}],"version-history":[{"count":3,"href":"https:\/\/www.aubergedesblancscailloux.be\/fr\/wp-json\/wp\/v2\/pages\/1426\/revisions"}],"predecessor-version":[{"id":1429,"href":"https:\/\/www.aubergedesblancscailloux.be\/fr\/wp-json\/wp\/v2\/pages\/1426\/revisions\/1429"}],"wp:attachment":[{"href":"https:\/\/www.aubergedesblancscailloux.be\/fr\/wp-json\/wp\/v2\/media?parent=1426"}],"curies":[{"name":"wp","href":"https:\/\/api.w.org\/{rel}","templated":true}]}}