{"id":1971,"date":"2026-03-27T13:56:11","date_gmt":"2026-03-27T12:56:11","guid":{"rendered":"https:\/\/www.aubergedesblancscailloux.be\/activites-de-cohesion-dequipe-pour-les-entreprises\/"},"modified":"2026-03-27T13:56:11","modified_gmt":"2026-03-27T12:56:11","slug":"activites-de-cohesion-dequipe-pour-les-entreprises","status":"publish","type":"page","link":"https:\/\/www.aubergedesblancscailloux.be\/fr\/activites-de-cohesion-dequipe-pour-les-entreprises\/","title":{"rendered":"Activit\u00e9s de coh\u00e9sion d'\u00e9quipe pour les entreprises"},"content":{"rendered":"<h1><strong>Activit\u00e9s de coh\u00e9sion d'\u00e9quipe pour les entreprises<\/strong><\/h1>\n<p>\u00c0 l'Auberge des Blancs Cailloux, \u00e0 Mousny, nous accueillons depuis longtemps d\u00e9j\u00e0 des groupes venus profiter du calme, de la nature et d'un moment convivial.<br \/>D\u00e9s \u00e0 pr\u00e9sent, nous proposons \u00e9galement des activit\u00e9s de team building, sp\u00e9cialement con\u00e7ues pour les entreprises qui souhaitent investir dans leur \u00e9quipe.<\/p>\n<p>Nos activit\u00e9s sont con\u00e7ues pour:<\/p>\n<ul>\n<li style=\"font-weight: 400\">am\u00e9liorer la collaboration et la communication entre les collaborateurs.<\/li>\n<li style=\"font-weight: 400\">renforcer la confiance et la motivation.<\/li>\n<li style=\"font-weight: 400\">r\u00e9duire les conflits.<\/li>\n<li style=\"font-weight: 400\">et de favoriser la culture d'entreprise en rapprochant les gens dans un cadre d\u00e9tendu.<\/li>\n<\/ul>\n<p>https:\/\/www.youtube.com\/watch?v=Ur-yQkHfPjo<\/p>\n<h2><strong>Pourquoi choisir pour notre activit\u00e9 de team building ? <\/strong><\/h2>\n<ul>\n<li>\n<p>Alliez nature, plaisir et \u00e9panouissement<\/p>\n<\/li>\n<li>\n<p>Guide pratique autonome + mat\u00e9riel inclus<\/p>\n<\/li>\n<li>\n<p>Convient aux petits et aux grands groupes<\/p>\n<\/li>\n<li>\n<p>Flexibel programma: van halve dag tot weekend<\/p>\n<\/li>\n<\/ul>\n","protected":false},"excerpt":{"rendered":"<p>Activit\u00e9s de coh\u00e9sion d'\u00e9quipe pour les entreprises \u00c0 l'Auberge des Blancs Cailloux, \u00e0 Mousny, nous accueillons depuis longtemps d\u00e9j\u00e0 des groupes venus profiter du calme, de la nature et d'un moment convivial.D\u00e9s \u00e0 pr\u00e9sent, nous proposons \u00e9galement des activit\u00e9s de team building, sp\u00e9cialement con\u00e7ues pour les entreprises qui souhaitent investir dans leur \u00e9quipe. Nos activit\u00e9s [&hellip;]<\/p>\n","protected":false},"author":8,"featured_media":1591,"parent":0,"menu_order":0,"comment_status":"closed","ping_status":"closed","template":"","meta":{"footnotes":""},"class_list":["post-1971","page","type-page","status-publish","has-post-thumbnail","hentry"],"yoast_head":"<!-- This site is optimized with the Yoast SEO plugin v27.0 - https:\/\/yoast.com\/product\/yoast-seo-wordpress\/ -->\n<title>Activit\u00e9s de coh\u00e9sion d&#039;\u00e9quipe pour les entreprises - Auberge des Blancs Cailloux<\/title>\n<meta name=\"robots\" content=\"index, follow, max-snippet:-1, max-image-preview:large, max-video-preview:-1\" \/>\n<link rel=\"canonical\" href=\"https:\/\/www.aubergedesblancscailloux.be\/fr\/activites-de-cohesion-dequipe-pour-les-entreprises\/\" \/>\n<meta property=\"og:locale\" content=\"fr_FR\" \/>\n<meta property=\"og:type\" content=\"article\" \/>\n<meta property=\"og:title\" content=\"Activit\u00e9s de coh\u00e9sion d&#039;\u00e9quipe pour les entreprises - Auberge des Blancs Cailloux\" \/>\n<meta property=\"og:description\" content=\"Activit\u00e9s de coh\u00e9sion d&#039;\u00e9quipe pour les entreprises \u00c0 l&#039;Auberge des Blancs Cailloux, \u00e0 Mousny, nous accueillons depuis longtemps d\u00e9j\u00e0 des groupes venus profiter du calme, de la nature et d&#039;un moment convivial.D\u00e9s \u00e0 pr\u00e9sent, nous proposons \u00e9galement des activit\u00e9s de team building, sp\u00e9cialement con\u00e7ues pour les entreprises qui souhaitent investir dans leur \u00e9quipe. Nos activit\u00e9s [&hellip;]\" \/>\n<meta property=\"og:url\" content=\"https:\/\/www.aubergedesblancscailloux.be\/fr\/activites-de-cohesion-dequipe-pour-les-entreprises\/\" \/>\n<meta property=\"og:site_name\" content=\"Auberge des Blancs Cailloux\" \/>\n<meta property=\"og:image\" content=\"https:\/\/www.aubergedesblancscailloux.be\/wp-content\/uploads\/2026\/02\/2b780197-7f20-4b73-aa52-90b3f9647ec3.jpeg\" \/>\n\t<meta property=\"og:image:width\" content=\"2048\" \/>\n\t<meta property=\"og:image:height\" content=\"1536\" \/>\n\t<meta property=\"og:image:type\" content=\"image\/jpeg\" \/>\n<meta name=\"twitter:card\" content=\"summary_large_image\" \/>\n<meta name=\"twitter:label1\" content=\"Dur\u00e9e de lecture estim\u00e9e\" \/>\n\t<meta name=\"twitter:data1\" content=\"1 minute\" \/>\n<script type=\"application\/ld+json\" class=\"yoast-schema-graph\">{\"@context\":\"https:\/\/schema.org\",\"@graph\":[{\"@type\":\"WebPage\",\"@id\":\"https:\/\/www.aubergedesblancscailloux.be\/fr\/activites-de-cohesion-dequipe-pour-les-entreprises\/\",\"url\":\"https:\/\/www.aubergedesblancscailloux.be\/fr\/activites-de-cohesion-dequipe-pour-les-entreprises\/\",\"name\":\"Activit\u00e9s de coh\u00e9sion d'\u00e9quipe pour les entreprises - Auberge des Blancs Cailloux\",\"isPartOf\":{\"@id\":\"https:\/\/www.aubergedesblancscailloux.be\/fr\/#website\"},\"primaryImageOfPage\":{\"@id\":\"https:\/\/www.aubergedesblancscailloux.be\/fr\/activites-de-cohesion-dequipe-pour-les-entreprises\/#primaryimage\"},\"image\":{\"@id\":\"https:\/\/www.aubergedesblancscailloux.be\/fr\/activites-de-cohesion-dequipe-pour-les-entreprises\/#primaryimage\"},\"thumbnailUrl\":\"https:\/\/www.aubergedesblancscailloux.be\/wp-content\/uploads\/2026\/02\/2b780197-7f20-4b73-aa52-90b3f9647ec3.jpeg\",\"datePublished\":\"2026-03-27T12:56:11+00:00\",\"breadcrumb\":{\"@id\":\"https:\/\/www.aubergedesblancscailloux.be\/fr\/activites-de-cohesion-dequipe-pour-les-entreprises\/#breadcrumb\"},\"inLanguage\":\"fr-FR\",\"potentialAction\":[{\"@type\":\"ReadAction\",\"target\":[\"https:\/\/www.aubergedesblancscailloux.be\/fr\/activites-de-cohesion-dequipe-pour-les-entreprises\/\"]}]},{\"@type\":\"ImageObject\",\"inLanguage\":\"fr-FR\",\"@id\":\"https:\/\/www.aubergedesblancscailloux.be\/fr\/activites-de-cohesion-dequipe-pour-les-entreprises\/#primaryimage\",\"url\":\"https:\/\/www.aubergedesblancscailloux.be\/wp-content\/uploads\/2026\/02\/2b780197-7f20-4b73-aa52-90b3f9647ec3.jpeg\",\"contentUrl\":\"https:\/\/www.aubergedesblancscailloux.be\/wp-content\/uploads\/2026\/02\/2b780197-7f20-4b73-aa52-90b3f9647ec3.jpeg\",\"width\":2048,\"height\":1536},{\"@type\":\"BreadcrumbList\",\"@id\":\"https:\/\/www.aubergedesblancscailloux.be\/fr\/activites-de-cohesion-dequipe-pour-les-entreprises\/#breadcrumb\",\"itemListElement\":[{\"@type\":\"ListItem\",\"position\":1,\"name\":\"Accueil\",\"item\":\"https:\/\/www.aubergedesblancscailloux.be\/fr\/\"},{\"@type\":\"ListItem\",\"position\":2,\"name\":\"Activit\u00e9s de coh\u00e9sion d'\u00e9quipe pour les entreprises\"}]},{\"@type\":\"WebSite\",\"@id\":\"https:\/\/www.aubergedesblancscailloux.be\/fr\/#website\",\"url\":\"https:\/\/www.aubergedesblancscailloux.be\/fr\/\",\"name\":\"Auberge des Blancs Cailloux\",\"description\":\"\",\"publisher\":{\"@id\":\"https:\/\/www.aubergedesblancscailloux.be\/fr\/#organization\"},\"potentialAction\":[{\"@type\":\"SearchAction\",\"target\":{\"@type\":\"EntryPoint\",\"urlTemplate\":\"https:\/\/www.aubergedesblancscailloux.be\/fr\/?s={search_term_string}\"},\"query-input\":{\"@type\":\"PropertyValueSpecification\",\"valueRequired\":true,\"valueName\":\"search_term_string\"}}],\"inLanguage\":\"fr-FR\"},{\"@type\":\"Organization\",\"@id\":\"https:\/\/www.aubergedesblancscailloux.be\/fr\/#organization\",\"name\":\"Auberge des Blancs Cailloux\",\"url\":\"https:\/\/www.aubergedesblancscailloux.be\/fr\/\",\"logo\":{\"@type\":\"ImageObject\",\"inLanguage\":\"fr-FR\",\"@id\":\"https:\/\/www.aubergedesblancscailloux.be\/fr\/#\/schema\/logo\/image\/\",\"url\":\"https:\/\/www.aubergedesblancscailloux.be\/wp-content\/uploads\/2022\/07\/6ecb7ced31a675496dcfcd3d66bd492d-1.png-e1747643406953-1-1.png\",\"contentUrl\":\"https:\/\/www.aubergedesblancscailloux.be\/wp-content\/uploads\/2022\/07\/6ecb7ced31a675496dcfcd3d66bd492d-1.png-e1747643406953-1-1.png\",\"width\":233,\"height\":172,\"caption\":\"Auberge des Blancs Cailloux\"},\"image\":{\"@id\":\"https:\/\/www.aubergedesblancscailloux.be\/fr\/#\/schema\/logo\/image\/\"}}]}<\/script>\n<!-- \/ Yoast SEO plugin. -->","yoast_head_json":{"title":"Activit\u00e9s de coh\u00e9sion d'\u00e9quipe pour les entreprises - Auberge des Blancs Cailloux","robots":{"index":"index","follow":"follow","max-snippet":"max-snippet:-1","max-image-preview":"max-image-preview:large","max-video-preview":"max-video-preview:-1"},"canonical":"https:\/\/www.aubergedesblancscailloux.be\/fr\/activites-de-cohesion-dequipe-pour-les-entreprises\/","og_locale":"fr_FR","og_type":"article","og_title":"Activit\u00e9s de coh\u00e9sion d'\u00e9quipe pour les entreprises - Auberge des Blancs Cailloux","og_description":"Activit\u00e9s de coh\u00e9sion d'\u00e9quipe pour les entreprises \u00c0 l'Auberge des Blancs Cailloux, \u00e0 Mousny, nous accueillons depuis longtemps d\u00e9j\u00e0 des groupes venus profiter du calme, de la nature et d'un moment convivial.D\u00e9s \u00e0 pr\u00e9sent, nous proposons \u00e9galement des activit\u00e9s de team building, sp\u00e9cialement con\u00e7ues pour les entreprises qui souhaitent investir dans leur \u00e9quipe. Nos activit\u00e9s [&hellip;]","og_url":"https:\/\/www.aubergedesblancscailloux.be\/fr\/activites-de-cohesion-dequipe-pour-les-entreprises\/","og_site_name":"Auberge des Blancs Cailloux","og_image":[{"width":2048,"height":1536,"url":"https:\/\/www.aubergedesblancscailloux.be\/wp-content\/uploads\/2026\/02\/2b780197-7f20-4b73-aa52-90b3f9647ec3.jpeg","type":"image\/jpeg"}],"twitter_card":"summary_large_image","twitter_misc":{"Dur\u00e9e de lecture estim\u00e9e":"1 minute"},"schema":{"@context":"https:\/\/schema.org","@graph":[{"@type":"WebPage","@id":"https:\/\/www.aubergedesblancscailloux.be\/fr\/activites-de-cohesion-dequipe-pour-les-entreprises\/","url":"https:\/\/www.aubergedesblancscailloux.be\/fr\/activites-de-cohesion-dequipe-pour-les-entreprises\/","name":"Activit\u00e9s de coh\u00e9sion d'\u00e9quipe pour les entreprises - Auberge des Blancs Cailloux","isPartOf":{"@id":"https:\/\/www.aubergedesblancscailloux.be\/fr\/#website"},"primaryImageOfPage":{"@id":"https:\/\/www.aubergedesblancscailloux.be\/fr\/activites-de-cohesion-dequipe-pour-les-entreprises\/#primaryimage"},"image":{"@id":"https:\/\/www.aubergedesblancscailloux.be\/fr\/activites-de-cohesion-dequipe-pour-les-entreprises\/#primaryimage"},"thumbnailUrl":"https:\/\/www.aubergedesblancscailloux.be\/wp-content\/uploads\/2026\/02\/2b780197-7f20-4b73-aa52-90b3f9647ec3.jpeg","datePublished":"2026-03-27T12:56:11+00:00","breadcrumb":{"@id":"https:\/\/www.aubergedesblancscailloux.be\/fr\/activites-de-cohesion-dequipe-pour-les-entreprises\/#breadcrumb"},"inLanguage":"fr-FR","potentialAction":[{"@type":"ReadAction","target":["https:\/\/www.aubergedesblancscailloux.be\/fr\/activites-de-cohesion-dequipe-pour-les-entreprises\/"]}]},{"@type":"ImageObject","inLanguage":"fr-FR","@id":"https:\/\/www.aubergedesblancscailloux.be\/fr\/activites-de-cohesion-dequipe-pour-les-entreprises\/#primaryimage","url":"https:\/\/www.aubergedesblancscailloux.be\/wp-content\/uploads\/2026\/02\/2b780197-7f20-4b73-aa52-90b3f9647ec3.jpeg","contentUrl":"https:\/\/www.aubergedesblancscailloux.be\/wp-content\/uploads\/2026\/02\/2b780197-7f20-4b73-aa52-90b3f9647ec3.jpeg","width":2048,"height":1536},{"@type":"BreadcrumbList","@id":"https:\/\/www.aubergedesblancscailloux.be\/fr\/activites-de-cohesion-dequipe-pour-les-entreprises\/#breadcrumb","itemListElement":[{"@type":"ListItem","position":1,"name":"Accueil","item":"https:\/\/www.aubergedesblancscailloux.be\/fr\/"},{"@type":"ListItem","position":2,"name":"Activit\u00e9s de coh\u00e9sion d'\u00e9quipe pour les entreprises"}]},{"@type":"WebSite","@id":"https:\/\/www.aubergedesblancscailloux.be\/fr\/#website","url":"https:\/\/www.aubergedesblancscailloux.be\/fr\/","name":"Auberge des Blancs Cailloux","description":"","publisher":{"@id":"https:\/\/www.aubergedesblancscailloux.be\/fr\/#organization"},"potentialAction":[{"@type":"SearchAction","target":{"@type":"EntryPoint","urlTemplate":"https:\/\/www.aubergedesblancscailloux.be\/fr\/?s={search_term_string}"},"query-input":{"@type":"PropertyValueSpecification","valueRequired":true,"valueName":"search_term_string"}}],"inLanguage":"fr-FR"},{"@type":"Organization","@id":"https:\/\/www.aubergedesblancscailloux.be\/fr\/#organization","name":"Auberge des Blancs Cailloux","url":"https:\/\/www.aubergedesblancscailloux.be\/fr\/","logo":{"@type":"ImageObject","inLanguage":"fr-FR","@id":"https:\/\/www.aubergedesblancscailloux.be\/fr\/#\/schema\/logo\/image\/","url":"https:\/\/www.aubergedesblancscailloux.be\/wp-content\/uploads\/2022\/07\/6ecb7ced31a675496dcfcd3d66bd492d-1.png-e1747643406953-1-1.png","contentUrl":"https:\/\/www.aubergedesblancscailloux.be\/wp-content\/uploads\/2022\/07\/6ecb7ced31a675496dcfcd3d66bd492d-1.png-e1747643406953-1-1.png","width":233,"height":172,"caption":"Auberge des Blancs Cailloux"},"image":{"@id":"https:\/\/www.aubergedesblancscailloux.be\/fr\/#\/schema\/logo\/image\/"}}]}},"_links":{"self":[{"href":"https:\/\/www.aubergedesblancscailloux.be\/fr\/wp-json\/wp\/v2\/pages\/1971","targetHints":{"allow":["GET"]}}],"collection":[{"href":"https:\/\/www.aubergedesblancscailloux.be\/fr\/wp-json\/wp\/v2\/pages"}],"about":[{"href":"https:\/\/www.aubergedesblancscailloux.be\/fr\/wp-json\/wp\/v2\/types\/page"}],"author":[{"embeddable":true,"href":"https:\/\/www.aubergedesblancscailloux.be\/fr\/wp-json\/wp\/v2\/users\/8"}],"replies":[{"embeddable":true,"href":"https:\/\/www.aubergedesblancscailloux.be\/fr\/wp-json\/wp\/v2\/comments?post=1971"}],"version-history":[{"count":0,"href":"https:\/\/www.aubergedesblancscailloux.be\/fr\/wp-json\/wp\/v2\/pages\/1971\/revisions"}],"wp:featuredmedia":[{"embeddable":true,"href":"https:\/\/www.aubergedesblancscailloux.be\/fr\/wp-json\/wp\/v2\/media\/1591"}],"wp:attachment":[{"href":"https:\/\/www.aubergedesblancscailloux.be\/fr\/wp-json\/wp\/v2\/media?parent=1971"}],"curies":[{"name":"wp","href":"https:\/\/api.w.org\/{rel}","templated":true}]}}