{"id":494,"date":"2019-01-08T15:31:01","date_gmt":"2019-01-08T14:31:01","guid":{"rendered":"https:\/\/www.aubergedesblancscailloux.be\/accueil\/"},"modified":"2026-03-29T15:33:40","modified_gmt":"2026-03-29T13:33:40","slug":"accueil","status":"publish","type":"page","link":"https:\/\/www.aubergedesblancscailloux.be\/fr\/","title":{"rendered":"Accueil"},"content":{"rendered":"\t\t<div data-elementor-type=\"wp-post\" data-elementor-id=\"494\" class=\"elementor elementor-494 elementor-3\" data-elementor-post-type=\"page\">\n\t\t\t\t<div class=\"elementor-element elementor-element-16e6a3c e-flex e-con-boxed e-con e-parent\" data-id=\"16e6a3c\" data-element_type=\"container\" data-e-type=\"container\" data-settings=\"{&quot;background_background&quot;:&quot;classic&quot;}\">\n\t\t\t\t\t<div class=\"e-con-inner\">\n\t\t\t\t\t<\/div>\n\t\t\t\t<\/div>\n\t\t<div class=\"elementor-element elementor-element-5042282 e-con-full e-flex e-con e-parent\" data-id=\"5042282\" data-element_type=\"container\" data-e-type=\"container\">\n\t\t\t\t<div class=\"elementor-element elementor-element-183651f elementor-widget elementor-widget-heading\" data-id=\"183651f\" data-element_type=\"widget\" data-e-type=\"widget\" data-widget_type=\"heading.default\">\n\t\t\t\t<div class=\"elementor-widget-container\">\n\t\t\t\t\t<h2 class=\"elementor-heading-title elementor-size-default\">Auberge des Blancs Cailloux<\/h2>\t\t\t\t<\/div>\n\t\t\t\t<\/div>\n\t\t\t\t<div class=\"elementor-element elementor-element-ee42365 elementor-widget elementor-widget-text-editor\" data-id=\"ee42365\" data-element_type=\"widget\" data-e-type=\"widget\" data-widget_type=\"text-editor.default\">\n\t\t\t\t<div class=\"elementor-widget-container\">\n\t\t\t\t\t\t\t\t\t<h2>Maison de vacances pr\u00e8s de La Roche-en-Ardenne<\/h2>\t\t\t\t\t\t\t\t<\/div>\n\t\t\t\t<\/div>\n\t\t\t\t<div class=\"elementor-element elementor-element-3e60618 elementor-widget elementor-widget-text-editor\" data-id=\"3e60618\" data-element_type=\"widget\" data-e-type=\"widget\" data-widget_type=\"text-editor.default\">\n\t\t\t\t<div class=\"elementor-widget-container\">\n\t\t\t\t\t\t\t\t\t<div class=\"block-type-text col-lg-12 order-lg-0 col-12 order-0 col-md-12 order-md-0\" data-block-id=\"wDEQ5\" data-block-type=\"text\"><div class=\"text-section animate\" data-fade=\"\" data-direction=\"up\" data-animate=\"\"><div class=\"fade-in reading animate\" data-animate=\"\"><div class=\"block-type-text col-lg-12 order-lg-0 col-12 order-0 col-md-12 order-md-0\" data-block-id=\"wDEQ5\" data-block-type=\"text\"><div class=\"text-section animate\" data-fade=\"\" data-direction=\"up\" data-animate=\"\"><div class=\"fade-in reading animate\" data-animate=\"\"><div><p class=\"align-center\">L'Auberge des Blancs Cailloux est une maison de vacances situ\u00e9e au sommet de la montagne \u00e0 Mousny. Vous pouvez tranquillement profiter des Ardennes avec une vue magnifique dans cet h\u00e9bergement fantastique. <\/p><\/div><\/div><\/div><\/div><\/div><\/div><\/div>\t\t\t\t\t\t\t\t<\/div>\n\t\t\t\t<\/div>\n\t\t\t\t<\/div>\n\t\t<div class=\"elementor-element elementor-element-b6b9150 e-flex e-con-boxed e-con e-parent\" data-id=\"b6b9150\" data-element_type=\"container\" data-e-type=\"container\">\n\t\t\t\t\t<div class=\"e-con-inner\">\n\t\t<div class=\"elementor-element elementor-element-f962b34 e-con-full e-flex e-con e-child\" data-id=\"f962b34\" data-element_type=\"container\" data-e-type=\"container\" data-settings=\"{&quot;background_background&quot;:&quot;classic&quot;}\">\n\t\t\t\t<\/div>\n\t\t<div class=\"elementor-element elementor-element-c087631 e-con-full e-flex e-con e-child\" data-id=\"c087631\" data-element_type=\"container\" data-e-type=\"container\" data-settings=\"{&quot;background_background&quot;:&quot;classic&quot;}\">\n\t\t\t\t<\/div>\n\t\t<div class=\"elementor-element elementor-element-a1539f3 e-con-full e-flex e-con e-child\" data-id=\"a1539f3\" data-element_type=\"container\" data-e-type=\"container\" data-settings=\"{&quot;background_background&quot;:&quot;classic&quot;}\">\n\t\t\t\t<\/div>\n\t\t\t\t\t<\/div>\n\t\t\t\t<\/div>\n\t\t<div class=\"elementor-element elementor-element-09b64d0 e-flex e-con-boxed e-con e-parent\" data-id=\"09b64d0\" data-element_type=\"container\" data-e-type=\"container\">\n\t\t\t\t\t<div class=\"e-con-inner\">\n\t\t<div class=\"elementor-element elementor-element-1a7dad7 e-con-full e-flex e-con e-child\" data-id=\"1a7dad7\" data-element_type=\"container\" data-e-type=\"container\">\n\t\t\t\t<div class=\"elementor-element elementor-element-c1284f4 elementor-widget elementor-widget-video\" data-id=\"c1284f4\" data-element_type=\"widget\" data-e-type=\"widget\" data-settings=\"{&quot;youtube_url&quot;:&quot;https:\\\/\\\/www.youtube.com\\\/watch?v=3JTLLHMCSaM&quot;,&quot;autoplay&quot;:&quot;yes&quot;,&quot;play_on_mobile&quot;:&quot;yes&quot;,&quot;loop&quot;:&quot;yes&quot;,&quot;video_type&quot;:&quot;youtube&quot;,&quot;controls&quot;:&quot;yes&quot;}\" data-widget_type=\"video.default\">\n\t\t\t\t<div class=\"elementor-widget-container\">\n\t\t\t\t\t\t\t<div class=\"elementor-wrapper elementor-open-inline\">\n\t\t\t<div class=\"elementor-video\"><\/div>\t\t<\/div>\n\t\t\t\t\t\t<\/div>\n\t\t\t\t<\/div>\n\t\t\t\t<\/div>\n\t\t<div class=\"elementor-element elementor-element-1dbbed2 e-con-full e-flex e-con e-child\" data-id=\"1dbbed2\" data-element_type=\"container\" data-e-type=\"container\">\n\t\t\t\t<div class=\"elementor-element elementor-element-701ccaf elementor-widget elementor-widget-heading\" data-id=\"701ccaf\" data-element_type=\"widget\" data-e-type=\"widget\" data-widget_type=\"heading.default\">\n\t\t\t\t<div class=\"elementor-widget-container\">\n\t\t\t\t\t<h2 class=\"elementor-heading-title elementor-size-default\">Un paysage \u00e0 couper le souffle<\/h2>\t\t\t\t<\/div>\n\t\t\t\t<\/div>\n\t\t\t\t<div class=\"elementor-element elementor-element-1dcfa0c elementor-widget elementor-widget-text-editor\" data-id=\"1dcfa0c\" data-element_type=\"widget\" data-e-type=\"widget\" data-widget_type=\"text-editor.default\">\n\t\t\t\t<div class=\"elementor-widget-container\">\n\t\t\t\t\t\t\t\t\t<p>Cette maison de vacances est situ\u00e9e sur une colline dans le charmant et pittoresque village de Mousny, \u00e0 deux pas de La Roche-en-Ardenne. D\u00e8s votre arriv\u00e9e, vous serez imm\u00e9diatement saisi par un panorama \u00e0 couper le souffle et un sentiment de paix et de libert\u00e9. <\/p><p>\u00cates-vous un amoureux de la nature ou un randonneur ? Mousny est donc l'endroit id\u00e9al pour explorer les for\u00eats tout au long de l'ann\u00e9e. Les amateurs de natation seront \u00e9galement combl\u00e9s par les eaux rafra\u00eechissantes de l'Ourthe. En automne, le brame des cerfs est un ph\u00e9nom\u00e8ne naturel impressionnant \u00e0 ne pas manquer.   <\/p><p>Les amoureux des chevaux sont \u00e9galement au bon endroit. Vous \u00eates les bienvenus pour explorer les vastes for\u00eats en compagnie de votre fid\u00e8le compagnon \u00e0 quatre pattes. <\/p><p>Enfin, la visite du ch\u00e2teau m\u00e9di\u00e9val de La Roche-en-Ardenne est une exp\u00e9rience magique pour les petits et les grands.<\/p>\t\t\t\t\t\t\t\t<\/div>\n\t\t\t\t<\/div>\n\t\t\t\t<div class=\"elementor-element elementor-element-b73a543 elementor-widget elementor-widget-button\" data-id=\"b73a543\" data-element_type=\"widget\" data-e-type=\"widget\" data-widget_type=\"button.default\">\n\t\t\t\t<div class=\"elementor-widget-container\">\n\t\t\t\t\t\t\t\t\t<div class=\"elementor-button-wrapper\">\n\t\t\t\t\t<a class=\"elementor-button elementor-button-link elementor-size-sm\" href=\"https:\/\/www.aubergedesblancscailloux.be\/fr\/chambres\/\">\n\t\t\t\t\t\t<span class=\"elementor-button-content-wrapper\">\n\t\t\t\t\t\t<span class=\"elementor-button-icon\">\n\t\t\t\t<i aria-hidden=\"true\" class=\"far fa-arrow-alt-circle-right\"><\/i>\t\t\t<\/span>\n\t\t\t\t\t\t\t\t\t<span class=\"elementor-button-text\">Je souhaite r\u00e9server<\/span>\n\t\t\t\t\t<\/span>\n\t\t\t\t\t<\/a>\n\t\t\t\t<\/div>\n\t\t\t\t\t\t\t\t<\/div>\n\t\t\t\t<\/div>\n\t\t\t\t<\/div>\n\t\t\t\t\t<\/div>\n\t\t\t\t<\/div>\n\t\t<div class=\"elementor-element elementor-element-b967b55 e-con-full e-flex e-con e-parent\" data-id=\"b967b55\" data-element_type=\"container\" data-e-type=\"container\">\n\t\t\t\t<div class=\"elementor-element elementor-element-98c026d elementor-widget elementor-widget-google_maps\" data-id=\"98c026d\" data-element_type=\"widget\" data-e-type=\"widget\" data-widget_type=\"google_maps.default\">\n\t\t\t\t<div class=\"elementor-widget-container\">\n\t\t\t\t\t\t\t<div class=\"elementor-custom-embed\">\n\t\t\t<iframe loading=\"lazy\"\n\t\t\t\t\tsrc=\"https:\/\/maps.google.com\/maps?q=aubergedesblancscailloux&#038;t=m&#038;z=11&#038;output=embed&#038;iwloc=near\"\n\t\t\t\t\ttitle=\"aubergedesblancscailloux\"\n\t\t\t\t\taria-label=\"aubergedesblancscailloux\"\n\t\t\t><\/iframe>\n\t\t<\/div>\n\t\t\t\t\t\t<\/div>\n\t\t\t\t<\/div>\n\t\t<div class=\"elementor-element elementor-element-bb23aab e-flex e-con-boxed e-con e-child\" data-id=\"bb23aab\" data-element_type=\"container\" data-e-type=\"container\">\n\t\t\t\t\t<div class=\"e-con-inner\">\n\t\t\t\t<div class=\"elementor-element elementor-element-a6be17f elementor-widget elementor-widget-spacer\" data-id=\"a6be17f\" data-element_type=\"widget\" data-e-type=\"widget\" data-widget_type=\"spacer.default\">\n\t\t\t\t<div class=\"elementor-widget-container\">\n\t\t\t\t\t\t\t<div class=\"elementor-spacer\">\n\t\t\t<div class=\"elementor-spacer-inner\"><\/div>\n\t\t<\/div>\n\t\t\t\t\t\t<\/div>\n\t\t\t\t<\/div>\n\t\t\t\t<div class=\"elementor-element elementor-element-cb8377a elementor-widget elementor-widget-button\" data-id=\"cb8377a\" data-element_type=\"widget\" data-e-type=\"widget\" data-widget_type=\"button.default\">\n\t\t\t\t<div class=\"elementor-widget-container\">\n\t\t\t\t\t\t\t\t\t<div class=\"elementor-button-wrapper\">\n\t\t\t\t\t<a class=\"elementor-button elementor-button-link elementor-size-sm\" href=\"#top\">\n\t\t\t\t\t\t<span class=\"elementor-button-content-wrapper\">\n\t\t\t\t\t\t<span class=\"elementor-button-icon\">\n\t\t\t\t<i aria-hidden=\"true\" class=\"far fa-arrow-alt-circle-up\"><\/i>\t\t\t<\/span>\n\t\t\t\t\t\t\t\t\t<span class=\"elementor-button-text\">Top Page<\/span>\n\t\t\t\t\t<\/span>\n\t\t\t\t\t<\/a>\n\t\t\t\t<\/div>\n\t\t\t\t\t\t\t\t<\/div>\n\t\t\t\t<\/div>\n\t\t\t\t<div class=\"elementor-element elementor-element-8cbe99c elementor-widget elementor-widget-spacer\" data-id=\"8cbe99c\" data-element_type=\"widget\" data-e-type=\"widget\" data-widget_type=\"spacer.default\">\n\t\t\t\t<div class=\"elementor-widget-container\">\n\t\t\t\t\t\t\t<div class=\"elementor-spacer\">\n\t\t\t<div class=\"elementor-spacer-inner\"><\/div>\n\t\t<\/div>\n\t\t\t\t\t\t<\/div>\n\t\t\t\t<\/div>\n\t\t\t\t\t<\/div>\n\t\t\t\t<\/div>\n\t\t\t\t<\/div>\n\t\t\t\t<\/div>\n\t\t","protected":false},"excerpt":{"rendered":"<p>Auberge des Blancs Cailloux Maison de vacances pr\u00e8s de La Roche-en-Ardenne L'Auberge des Blancs Cailloux est une maison de vacances situ\u00e9e au sommet de la montagne \u00e0 Mousny. Vous pouvez tranquillement profiter des Ardennes avec une vue magnifique dans cet h\u00e9bergement fantastique. https:\/\/www.youtube.com\/watch?v=3JTLLHMCSaM Un paysage \u00e0 couper le souffle Cette maison de vacances est situ\u00e9e [&hellip;]<\/p>\n","protected":false},"author":4,"featured_media":0,"parent":0,"menu_order":0,"comment_status":"closed","ping_status":"closed","template":"","meta":{"footnotes":""},"class_list":["post-494","page","type-page","status-publish","hentry"],"yoast_head":"<!-- This site is optimized with the Yoast SEO plugin v27.0 - https:\/\/yoast.com\/product\/yoast-seo-wordpress\/ -->\n<title>Accueil - Auberge des Blancs Cailloux<\/title>\n<meta name=\"robots\" content=\"index, follow, max-snippet:-1, max-image-preview:large, max-video-preview:-1\" \/>\n<link rel=\"canonical\" href=\"https:\/\/www.aubergedesblancscailloux.be\/fr\/\" \/>\n<meta property=\"og:locale\" content=\"fr_FR\" \/>\n<meta property=\"og:type\" content=\"article\" \/>\n<meta property=\"og:title\" content=\"Accueil - Auberge des Blancs Cailloux\" \/>\n<meta property=\"og:description\" content=\"Auberge des Blancs Cailloux Maison de vacances pr\u00e8s de La Roche-en-Ardenne L&#039;Auberge des Blancs Cailloux est une maison de vacances situ\u00e9e au sommet de la montagne \u00e0 Mousny. Vous pouvez tranquillement profiter des Ardennes avec une vue magnifique dans cet h\u00e9bergement fantastique. https:\/\/www.youtube.com\/watch?v=3JTLLHMCSaM Un paysage \u00e0 couper le souffle Cette maison de vacances est situ\u00e9e [&hellip;]\" \/>\n<meta property=\"og:url\" content=\"https:\/\/www.aubergedesblancscailloux.be\/fr\/\" \/>\n<meta property=\"og:site_name\" content=\"Auberge des Blancs Cailloux\" \/>\n<meta property=\"article:modified_time\" content=\"2026-03-29T13:33:40+00:00\" \/>\n<meta name=\"twitter:card\" content=\"summary_large_image\" \/>\n<meta name=\"twitter:label1\" content=\"Dur\u00e9e de lecture estim\u00e9e\" \/>\n\t<meta name=\"twitter:data1\" content=\"1 minute\" \/>\n<script type=\"application\/ld+json\" class=\"yoast-schema-graph\">{\"@context\":\"https:\/\/schema.org\",\"@graph\":[{\"@type\":\"WebPage\",\"@id\":\"https:\/\/www.aubergedesblancscailloux.be\/fr\/\",\"url\":\"https:\/\/www.aubergedesblancscailloux.be\/fr\/\",\"name\":\"Accueil - Auberge des Blancs Cailloux\",\"isPartOf\":{\"@id\":\"https:\/\/www.aubergedesblancscailloux.be\/fr\/#website\"},\"datePublished\":\"2019-01-08T14:31:01+00:00\",\"dateModified\":\"2026-03-29T13:33:40+00:00\",\"breadcrumb\":{\"@id\":\"https:\/\/www.aubergedesblancscailloux.be\/fr\/#breadcrumb\"},\"inLanguage\":\"fr-FR\",\"potentialAction\":[{\"@type\":\"ReadAction\",\"target\":[\"https:\/\/www.aubergedesblancscailloux.be\/fr\/\"]}]},{\"@type\":\"BreadcrumbList\",\"@id\":\"https:\/\/www.aubergedesblancscailloux.be\/fr\/#breadcrumb\",\"itemListElement\":[{\"@type\":\"ListItem\",\"position\":1,\"name\":\"Accueil\",\"item\":\"https:\/\/www.aubergedesblancscailloux.be\/fr\/\"},{\"@type\":\"ListItem\",\"position\":2,\"name\":\"Accueil\"}]},{\"@type\":\"WebSite\",\"@id\":\"https:\/\/www.aubergedesblancscailloux.be\/fr\/#website\",\"url\":\"https:\/\/www.aubergedesblancscailloux.be\/fr\/\",\"name\":\"Auberge des Blancs Cailloux\",\"description\":\"\",\"publisher\":{\"@id\":\"https:\/\/www.aubergedesblancscailloux.be\/fr\/#organization\"},\"potentialAction\":[{\"@type\":\"SearchAction\",\"target\":{\"@type\":\"EntryPoint\",\"urlTemplate\":\"https:\/\/www.aubergedesblancscailloux.be\/fr\/?s={search_term_string}\"},\"query-input\":{\"@type\":\"PropertyValueSpecification\",\"valueRequired\":true,\"valueName\":\"search_term_string\"}}],\"inLanguage\":\"fr-FR\"},{\"@type\":\"Organization\",\"@id\":\"https:\/\/www.aubergedesblancscailloux.be\/fr\/#organization\",\"name\":\"Auberge des Blancs Cailloux\",\"url\":\"https:\/\/www.aubergedesblancscailloux.be\/fr\/\",\"logo\":{\"@type\":\"ImageObject\",\"inLanguage\":\"fr-FR\",\"@id\":\"https:\/\/www.aubergedesblancscailloux.be\/fr\/#\/schema\/logo\/image\/\",\"url\":\"https:\/\/www.aubergedesblancscailloux.be\/wp-content\/uploads\/2022\/07\/6ecb7ced31a675496dcfcd3d66bd492d-1.png-e1747643406953-1-1.png\",\"contentUrl\":\"https:\/\/www.aubergedesblancscailloux.be\/wp-content\/uploads\/2022\/07\/6ecb7ced31a675496dcfcd3d66bd492d-1.png-e1747643406953-1-1.png\",\"width\":233,\"height\":172,\"caption\":\"Auberge des Blancs Cailloux\"},\"image\":{\"@id\":\"https:\/\/www.aubergedesblancscailloux.be\/fr\/#\/schema\/logo\/image\/\"}}]}<\/script>\n<!-- \/ Yoast SEO plugin. -->","yoast_head_json":{"title":"Accueil - Auberge des Blancs Cailloux","robots":{"index":"index","follow":"follow","max-snippet":"max-snippet:-1","max-image-preview":"max-image-preview:large","max-video-preview":"max-video-preview:-1"},"canonical":"https:\/\/www.aubergedesblancscailloux.be\/fr\/","og_locale":"fr_FR","og_type":"article","og_title":"Accueil - Auberge des Blancs Cailloux","og_description":"Auberge des Blancs Cailloux Maison de vacances pr\u00e8s de La Roche-en-Ardenne L'Auberge des Blancs Cailloux est une maison de vacances situ\u00e9e au sommet de la montagne \u00e0 Mousny. Vous pouvez tranquillement profiter des Ardennes avec une vue magnifique dans cet h\u00e9bergement fantastique. https:\/\/www.youtube.com\/watch?v=3JTLLHMCSaM Un paysage \u00e0 couper le souffle Cette maison de vacances est situ\u00e9e [&hellip;]","og_url":"https:\/\/www.aubergedesblancscailloux.be\/fr\/","og_site_name":"Auberge des Blancs Cailloux","article_modified_time":"2026-03-29T13:33:40+00:00","twitter_card":"summary_large_image","twitter_misc":{"Dur\u00e9e de lecture estim\u00e9e":"1 minute"},"schema":{"@context":"https:\/\/schema.org","@graph":[{"@type":"WebPage","@id":"https:\/\/www.aubergedesblancscailloux.be\/fr\/","url":"https:\/\/www.aubergedesblancscailloux.be\/fr\/","name":"Accueil - Auberge des Blancs Cailloux","isPartOf":{"@id":"https:\/\/www.aubergedesblancscailloux.be\/fr\/#website"},"datePublished":"2019-01-08T14:31:01+00:00","dateModified":"2026-03-29T13:33:40+00:00","breadcrumb":{"@id":"https:\/\/www.aubergedesblancscailloux.be\/fr\/#breadcrumb"},"inLanguage":"fr-FR","potentialAction":[{"@type":"ReadAction","target":["https:\/\/www.aubergedesblancscailloux.be\/fr\/"]}]},{"@type":"BreadcrumbList","@id":"https:\/\/www.aubergedesblancscailloux.be\/fr\/#breadcrumb","itemListElement":[{"@type":"ListItem","position":1,"name":"Accueil","item":"https:\/\/www.aubergedesblancscailloux.be\/fr\/"},{"@type":"ListItem","position":2,"name":"Accueil"}]},{"@type":"WebSite","@id":"https:\/\/www.aubergedesblancscailloux.be\/fr\/#website","url":"https:\/\/www.aubergedesblancscailloux.be\/fr\/","name":"Auberge des Blancs Cailloux","description":"","publisher":{"@id":"https:\/\/www.aubergedesblancscailloux.be\/fr\/#organization"},"potentialAction":[{"@type":"SearchAction","target":{"@type":"EntryPoint","urlTemplate":"https:\/\/www.aubergedesblancscailloux.be\/fr\/?s={search_term_string}"},"query-input":{"@type":"PropertyValueSpecification","valueRequired":true,"valueName":"search_term_string"}}],"inLanguage":"fr-FR"},{"@type":"Organization","@id":"https:\/\/www.aubergedesblancscailloux.be\/fr\/#organization","name":"Auberge des Blancs Cailloux","url":"https:\/\/www.aubergedesblancscailloux.be\/fr\/","logo":{"@type":"ImageObject","inLanguage":"fr-FR","@id":"https:\/\/www.aubergedesblancscailloux.be\/fr\/#\/schema\/logo\/image\/","url":"https:\/\/www.aubergedesblancscailloux.be\/wp-content\/uploads\/2022\/07\/6ecb7ced31a675496dcfcd3d66bd492d-1.png-e1747643406953-1-1.png","contentUrl":"https:\/\/www.aubergedesblancscailloux.be\/wp-content\/uploads\/2022\/07\/6ecb7ced31a675496dcfcd3d66bd492d-1.png-e1747643406953-1-1.png","width":233,"height":172,"caption":"Auberge des Blancs Cailloux"},"image":{"@id":"https:\/\/www.aubergedesblancscailloux.be\/fr\/#\/schema\/logo\/image\/"}}]}},"_links":{"self":[{"href":"https:\/\/www.aubergedesblancscailloux.be\/fr\/wp-json\/wp\/v2\/pages\/494","targetHints":{"allow":["GET"]}}],"collection":[{"href":"https:\/\/www.aubergedesblancscailloux.be\/fr\/wp-json\/wp\/v2\/pages"}],"about":[{"href":"https:\/\/www.aubergedesblancscailloux.be\/fr\/wp-json\/wp\/v2\/types\/page"}],"author":[{"embeddable":true,"href":"https:\/\/www.aubergedesblancscailloux.be\/fr\/wp-json\/wp\/v2\/users\/4"}],"replies":[{"embeddable":true,"href":"https:\/\/www.aubergedesblancscailloux.be\/fr\/wp-json\/wp\/v2\/comments?post=494"}],"version-history":[{"count":28,"href":"https:\/\/www.aubergedesblancscailloux.be\/fr\/wp-json\/wp\/v2\/pages\/494\/revisions"}],"predecessor-version":[{"id":1931,"href":"https:\/\/www.aubergedesblancscailloux.be\/fr\/wp-json\/wp\/v2\/pages\/494\/revisions\/1931"}],"wp:attachment":[{"href":"https:\/\/www.aubergedesblancscailloux.be\/fr\/wp-json\/wp\/v2\/media?parent=494"}],"curies":[{"name":"wp","href":"https:\/\/api.w.org\/{rel}","templated":true}]}}