{"id":521,"date":"2020-01-06T15:50:32","date_gmt":"2020-01-06T14:50:32","guid":{"rendered":"https:\/\/www.aubergedesblancscailloux.be\/confidentialite\/"},"modified":"2025-05-21T13:22:49","modified_gmt":"2025-05-21T11:22:49","slug":"confidentialite","status":"publish","type":"page","link":"https:\/\/www.aubergedesblancscailloux.be\/fr\/confidentialite\/","title":{"rendered":"Confidentialit\u00e9"},"content":{"rendered":"\t\t<div data-elementor-type=\"wp-page\" data-elementor-id=\"521\" class=\"elementor elementor-521 elementor-62\" data-elementor-post-type=\"page\">\n\t\t\t\t<div class=\"elementor-element elementor-element-5eafa4c e-flex e-con-boxed e-con e-parent\" data-id=\"5eafa4c\" data-element_type=\"container\" data-e-type=\"container\">\n\t\t\t\t\t<div class=\"e-con-inner\">\n\t\t\t\t<div class=\"elementor-element elementor-element-2b3dfce elementor-widget elementor-widget-heading\" data-id=\"2b3dfce\" data-element_type=\"widget\" data-e-type=\"widget\" data-widget_type=\"heading.default\">\n\t\t\t\t<div class=\"elementor-widget-container\">\n\t\t\t\t\t<h1 class=\"elementor-heading-title elementor-size-default\">Confidentialit\u00e9<\/h1>\t\t\t\t<\/div>\n\t\t\t\t<\/div>\n\t\t\t\t<div class=\"elementor-element elementor-element-6bfa4c8 elementor-widget elementor-widget-text-editor\" data-id=\"6bfa4c8\" data-element_type=\"widget\" data-e-type=\"widget\" data-widget_type=\"text-editor.default\">\n\t\t\t\t<div class=\"elementor-widget-container\">\n\t\t\t\t\t\t\t\t\t<div class=\"wp-block-siteorigin-panels-layout-block\">\n<div id=\"pl-62\" class=\"panel-layout\">\n<div id=\"pg-62-0\" class=\"panel-grid panel-has-style\">\n<div class=\"rij1_privacy rij1 panel-row-style panel-row-style-for-62-0\">\n<div id=\"pgc-62-0-0\" class=\"panel-grid-cell\">\n<div id=\"panel-62-0-0-0\" class=\"so-panel widget widget_sow-editor panel-first-child panel-last-child\" data-index=\"0\">\n<div class=\"so-widget-sow-editor so-widget-sow-editor-base\">\n<div class=\"siteorigin-widget-tinymce textwidget\">\n<p>Auberge des Blancs Cailloux, dont le si\u00e8ge social est situ\u00e9 \u00e0 Mousny 43 Q, 6983 Ortho, s\u2019engage \u00e0 respecter et \u00e0 se conformer scrupuleusement \u00e0 la l\u00e9gislation europ\u00e9enne sur la protection de la vie priv\u00e9e RGPD (R\u00e8glement G\u00e9n\u00e9ral sur la Protection des Donn\u00e9es) pour la protection des donn\u00e9es personnelles. Ce r\u00e8glement est en vigueur depuis le 25 mai 2018. Les donn\u00e9es personnelles sont trait\u00e9es conform\u00e9ment \u00e0 cette l\u00e9gislation.  <\/p>\n<h2>VOTRE CONSENTEMENT<\/h2>\n<p>L\u2019Auberge des Blancs Cailloux ne traite les donn\u00e9es personnelles que pour se conformer \u00e0 une obligation l\u00e9gale ou si celles-ci ont \u00e9t\u00e9 fournies pour l\u2019ex\u00e9cution d\u2019un contrat. Par cons\u00e9quent, vous donnez express\u00e9ment votre consentement \u00e0 l\u2019Auberge des Blancs Cailloux pour le traitement de vos donn\u00e9es personnelles aux fins pr\u00e9vues. Les donn\u00e9es personnelles ne sont trait\u00e9es que dans des environnements et syst\u00e8mes s\u00e9curis\u00e9s, qui ne sont pas accessibles au public. Tous nos employ\u00e9s re\u00e7oivent des directives claires et sont sensibilis\u00e9s et inform\u00e9s concernant la gestion et le traitement de vos donn\u00e9es personnelles.    <\/p>\n<h2>UTILISATION DE VOS DONN\u00c9ES PERSONNELLES<\/h2>\n<p><strong>L\u2019Auberge des Blancs Cailloux garantit que :<\/strong><\/p>\n<ul>\n<li>vos donn\u00e9es personnelles sont collect\u00e9es et trait\u00e9es uniquement afin d\u2019ex\u00e9cuter la mission que vous avez demand\u00e9e ou pour respecter les obligations l\u00e9gales de service ;<\/li>\n<li>vos donn\u00e9es personnelles ne sont trait\u00e9es que dans un pays appartenant \u00e0 l\u2019Union europ\u00e9enne ;<\/li>\n<li>le traitement de vos donn\u00e9es personnelles est limit\u00e9 \u00e0 l\u2019objectif vis\u00e9 ;<\/li>\n<li>vos donn\u00e9es personnelles ne sont conserv\u00e9es que pendant la dur\u00e9e de la prestation, sauf si une dur\u00e9e de conservation l\u00e9gale plus longue est requise ;<\/li>\n<li>vos donn\u00e9es personnelles ne peuvent \u00eatre communiqu\u00e9es \u00e0 d\u2019autres organisations que pour r\u00e9pondre aux obligations l\u00e9gales ou \u00e0 la demande expresse des autorit\u00e9s judiciaires ou des services de police ;<\/li>\n<li>dans aucun autre cas vos donn\u00e9es personnelles ne seront transmises \u00e0 des tiers, ni utilis\u00e9es \u00e0 des fins de marketing direct.<\/li>\n<\/ul>\n<p><strong>Vos droits en tant que personne concern\u00e9e<\/strong><\/p>\n<ul>\n<li>Vous avez toujours le droit (l\u00e9gal) d\u2019acc\u00e9der \u00e0 vos donn\u00e9es personnelles.<\/li>\n<li>Vous avez toujours le droit (l\u00e9gal) de compl\u00e9ter ou de corriger enti\u00e8rement ou partiellement vos donn\u00e9es personnelles. Si l\u2019Auberge des Blancs Cailloux ne dispose plus de raisons l\u00e9gales pour continuer \u00e0 traiter vos donn\u00e9es, ou si vos donn\u00e9es ne sont plus n\u00e9cessaires pour la prestation pr\u00e9vue, vous avez le droit de faire supprimer vos donn\u00e9es personnelles. <\/li>\n<\/ul>\n<h2>QUESTIONS CONCERNANT LE TRAITEMENT DES DONN\u00c9ES PERSONNELLES<\/h2>\n<p>Les questions concernant le traitement de vos donn\u00e9es personnelles ou les demandes relatives aux donn\u00e9es que nous traitons pour vous peuvent \u00eatre adress\u00e9es au g\u00e9rant. Vous pouvez le contacter par courrier postal \u00e0 l\u2019adresse Mousny 43 Q, 6983 Ortho, ou par e-mail \u00e0 <a href=\"mailto:info@aubergedesblancscailloux.be\"><span class=\"elementor-icon-list-text\">info@aubergedesblancscailloux.be<\/span><\/a>. Nous nous engageons \u00e0 r\u00e9pondre \u00e0 votre question ou demande dans un d\u00e9lai de 20 jours ouvrables. <\/p>\n<p>Si vous estimez que vos donn\u00e9es sont trait\u00e9es ill\u00e9galement, vous pouvez \u00e9galement contacter la CBPL (Commission de la Protection de la Vie Priv\u00e9e), aussi appel\u00e9e Commission Vie priv\u00e9e, \u00e0 l\u2019adresse e-mail commission@privacycommission.be.<\/p>\n<p>\u00b9 R\u00e8glement (UE) 2016\/679 du Parlement europ\u00e9en et du Conseil du 27 avril 2016 relatif \u00e0 la protection des personnes physiques \u00e0 l\u2019\u00e9gard du traitement des donn\u00e9es \u00e0 caract\u00e8re personnel et \u00e0 la libre circulation de ces donn\u00e9es.<\/p>\n<\/div>\n<\/div>\n<\/div>\n<\/div>\n<\/div>\n<\/div>\n<\/div>\n<\/div>\n<p> <\/p>\t\t\t\t\t\t\t\t<\/div>\n\t\t\t\t<\/div>\n\t\t\t\t\t<\/div>\n\t\t\t\t<\/div>\n\t\t\t\t<\/div>\n\t\t","protected":false},"excerpt":{"rendered":"<p>Confidentialit\u00e9 Auberge des Blancs Cailloux, dont le si\u00e8ge social est situ\u00e9 \u00e0 Mousny 43 Q, 6983 Ortho, s\u2019engage \u00e0 respecter et \u00e0 se conformer scrupuleusement \u00e0 la l\u00e9gislation europ\u00e9enne sur la protection de la vie priv\u00e9e RGPD (R\u00e8glement G\u00e9n\u00e9ral sur la Protection des Donn\u00e9es) pour la protection des donn\u00e9es personnelles. Ce r\u00e8glement est en vigueur [&hellip;]<\/p>\n","protected":false},"author":4,"featured_media":0,"parent":0,"menu_order":0,"comment_status":"closed","ping_status":"closed","template":"","meta":{"footnotes":""},"class_list":["post-521","page","type-page","status-publish","hentry"],"yoast_head":"<!-- This site is optimized with the Yoast SEO plugin v27.0 - https:\/\/yoast.com\/product\/yoast-seo-wordpress\/ -->\n<title>Confidentialit\u00e9 - Auberge des Blancs Cailloux<\/title>\n<meta name=\"robots\" content=\"index, follow, max-snippet:-1, max-image-preview:large, max-video-preview:-1\" \/>\n<link rel=\"canonical\" href=\"https:\/\/www.aubergedesblancscailloux.be\/fr\/confidentialite\/\" \/>\n<meta property=\"og:locale\" content=\"fr_FR\" \/>\n<meta property=\"og:type\" content=\"article\" \/>\n<meta property=\"og:title\" content=\"Confidentialit\u00e9 - Auberge des Blancs Cailloux\" \/>\n<meta property=\"og:description\" content=\"Confidentialit\u00e9 Auberge des Blancs Cailloux, dont le si\u00e8ge social est situ\u00e9 \u00e0 Mousny 43 Q, 6983 Ortho, s\u2019engage \u00e0 respecter et \u00e0 se conformer scrupuleusement \u00e0 la l\u00e9gislation europ\u00e9enne sur la protection de la vie priv\u00e9e RGPD (R\u00e8glement G\u00e9n\u00e9ral sur la Protection des Donn\u00e9es) pour la protection des donn\u00e9es personnelles. Ce r\u00e8glement est en vigueur [&hellip;]\" \/>\n<meta property=\"og:url\" content=\"https:\/\/www.aubergedesblancscailloux.be\/fr\/confidentialite\/\" \/>\n<meta property=\"og:site_name\" content=\"Auberge des Blancs Cailloux\" \/>\n<meta property=\"article:modified_time\" content=\"2025-05-21T11:22:49+00:00\" \/>\n<meta name=\"twitter:card\" content=\"summary_large_image\" \/>\n<meta name=\"twitter:label1\" content=\"Dur\u00e9e de lecture estim\u00e9e\" \/>\n\t<meta name=\"twitter:data1\" content=\"3 minutes\" \/>\n<script type=\"application\/ld+json\" class=\"yoast-schema-graph\">{\"@context\":\"https:\/\/schema.org\",\"@graph\":[{\"@type\":\"WebPage\",\"@id\":\"https:\/\/www.aubergedesblancscailloux.be\/fr\/confidentialite\/\",\"url\":\"https:\/\/www.aubergedesblancscailloux.be\/fr\/confidentialite\/\",\"name\":\"Confidentialit\u00e9 - Auberge des Blancs Cailloux\",\"isPartOf\":{\"@id\":\"https:\/\/www.aubergedesblancscailloux.be\/fr\/#website\"},\"datePublished\":\"2020-01-06T14:50:32+00:00\",\"dateModified\":\"2025-05-21T11:22:49+00:00\",\"breadcrumb\":{\"@id\":\"https:\/\/www.aubergedesblancscailloux.be\/fr\/confidentialite\/#breadcrumb\"},\"inLanguage\":\"fr-FR\",\"potentialAction\":[{\"@type\":\"ReadAction\",\"target\":[\"https:\/\/www.aubergedesblancscailloux.be\/fr\/confidentialite\/\"]}]},{\"@type\":\"BreadcrumbList\",\"@id\":\"https:\/\/www.aubergedesblancscailloux.be\/fr\/confidentialite\/#breadcrumb\",\"itemListElement\":[{\"@type\":\"ListItem\",\"position\":1,\"name\":\"Accueil\",\"item\":\"https:\/\/www.aubergedesblancscailloux.be\/fr\/\"},{\"@type\":\"ListItem\",\"position\":2,\"name\":\"Confidentialit\u00e9\"}]},{\"@type\":\"WebSite\",\"@id\":\"https:\/\/www.aubergedesblancscailloux.be\/fr\/#website\",\"url\":\"https:\/\/www.aubergedesblancscailloux.be\/fr\/\",\"name\":\"Auberge des Blancs Cailloux\",\"description\":\"\",\"publisher\":{\"@id\":\"https:\/\/www.aubergedesblancscailloux.be\/fr\/#organization\"},\"potentialAction\":[{\"@type\":\"SearchAction\",\"target\":{\"@type\":\"EntryPoint\",\"urlTemplate\":\"https:\/\/www.aubergedesblancscailloux.be\/fr\/?s={search_term_string}\"},\"query-input\":{\"@type\":\"PropertyValueSpecification\",\"valueRequired\":true,\"valueName\":\"search_term_string\"}}],\"inLanguage\":\"fr-FR\"},{\"@type\":\"Organization\",\"@id\":\"https:\/\/www.aubergedesblancscailloux.be\/fr\/#organization\",\"name\":\"Auberge des Blancs Cailloux\",\"url\":\"https:\/\/www.aubergedesblancscailloux.be\/fr\/\",\"logo\":{\"@type\":\"ImageObject\",\"inLanguage\":\"fr-FR\",\"@id\":\"https:\/\/www.aubergedesblancscailloux.be\/fr\/#\/schema\/logo\/image\/\",\"url\":\"https:\/\/www.aubergedesblancscailloux.be\/wp-content\/uploads\/2022\/07\/6ecb7ced31a675496dcfcd3d66bd492d-1.png-e1747643406953-1-1.png\",\"contentUrl\":\"https:\/\/www.aubergedesblancscailloux.be\/wp-content\/uploads\/2022\/07\/6ecb7ced31a675496dcfcd3d66bd492d-1.png-e1747643406953-1-1.png\",\"width\":233,\"height\":172,\"caption\":\"Auberge des Blancs Cailloux\"},\"image\":{\"@id\":\"https:\/\/www.aubergedesblancscailloux.be\/fr\/#\/schema\/logo\/image\/\"}}]}<\/script>\n<!-- \/ Yoast SEO plugin. -->","yoast_head_json":{"title":"Confidentialit\u00e9 - Auberge des Blancs Cailloux","robots":{"index":"index","follow":"follow","max-snippet":"max-snippet:-1","max-image-preview":"max-image-preview:large","max-video-preview":"max-video-preview:-1"},"canonical":"https:\/\/www.aubergedesblancscailloux.be\/fr\/confidentialite\/","og_locale":"fr_FR","og_type":"article","og_title":"Confidentialit\u00e9 - Auberge des Blancs Cailloux","og_description":"Confidentialit\u00e9 Auberge des Blancs Cailloux, dont le si\u00e8ge social est situ\u00e9 \u00e0 Mousny 43 Q, 6983 Ortho, s\u2019engage \u00e0 respecter et \u00e0 se conformer scrupuleusement \u00e0 la l\u00e9gislation europ\u00e9enne sur la protection de la vie priv\u00e9e RGPD (R\u00e8glement G\u00e9n\u00e9ral sur la Protection des Donn\u00e9es) pour la protection des donn\u00e9es personnelles. Ce r\u00e8glement est en vigueur [&hellip;]","og_url":"https:\/\/www.aubergedesblancscailloux.be\/fr\/confidentialite\/","og_site_name":"Auberge des Blancs Cailloux","article_modified_time":"2025-05-21T11:22:49+00:00","twitter_card":"summary_large_image","twitter_misc":{"Dur\u00e9e de lecture estim\u00e9e":"3 minutes"},"schema":{"@context":"https:\/\/schema.org","@graph":[{"@type":"WebPage","@id":"https:\/\/www.aubergedesblancscailloux.be\/fr\/confidentialite\/","url":"https:\/\/www.aubergedesblancscailloux.be\/fr\/confidentialite\/","name":"Confidentialit\u00e9 - Auberge des Blancs Cailloux","isPartOf":{"@id":"https:\/\/www.aubergedesblancscailloux.be\/fr\/#website"},"datePublished":"2020-01-06T14:50:32+00:00","dateModified":"2025-05-21T11:22:49+00:00","breadcrumb":{"@id":"https:\/\/www.aubergedesblancscailloux.be\/fr\/confidentialite\/#breadcrumb"},"inLanguage":"fr-FR","potentialAction":[{"@type":"ReadAction","target":["https:\/\/www.aubergedesblancscailloux.be\/fr\/confidentialite\/"]}]},{"@type":"BreadcrumbList","@id":"https:\/\/www.aubergedesblancscailloux.be\/fr\/confidentialite\/#breadcrumb","itemListElement":[{"@type":"ListItem","position":1,"name":"Accueil","item":"https:\/\/www.aubergedesblancscailloux.be\/fr\/"},{"@type":"ListItem","position":2,"name":"Confidentialit\u00e9"}]},{"@type":"WebSite","@id":"https:\/\/www.aubergedesblancscailloux.be\/fr\/#website","url":"https:\/\/www.aubergedesblancscailloux.be\/fr\/","name":"Auberge des Blancs Cailloux","description":"","publisher":{"@id":"https:\/\/www.aubergedesblancscailloux.be\/fr\/#organization"},"potentialAction":[{"@type":"SearchAction","target":{"@type":"EntryPoint","urlTemplate":"https:\/\/www.aubergedesblancscailloux.be\/fr\/?s={search_term_string}"},"query-input":{"@type":"PropertyValueSpecification","valueRequired":true,"valueName":"search_term_string"}}],"inLanguage":"fr-FR"},{"@type":"Organization","@id":"https:\/\/www.aubergedesblancscailloux.be\/fr\/#organization","name":"Auberge des Blancs Cailloux","url":"https:\/\/www.aubergedesblancscailloux.be\/fr\/","logo":{"@type":"ImageObject","inLanguage":"fr-FR","@id":"https:\/\/www.aubergedesblancscailloux.be\/fr\/#\/schema\/logo\/image\/","url":"https:\/\/www.aubergedesblancscailloux.be\/wp-content\/uploads\/2022\/07\/6ecb7ced31a675496dcfcd3d66bd492d-1.png-e1747643406953-1-1.png","contentUrl":"https:\/\/www.aubergedesblancscailloux.be\/wp-content\/uploads\/2022\/07\/6ecb7ced31a675496dcfcd3d66bd492d-1.png-e1747643406953-1-1.png","width":233,"height":172,"caption":"Auberge des Blancs Cailloux"},"image":{"@id":"https:\/\/www.aubergedesblancscailloux.be\/fr\/#\/schema\/logo\/image\/"}}]}},"_links":{"self":[{"href":"https:\/\/www.aubergedesblancscailloux.be\/fr\/wp-json\/wp\/v2\/pages\/521","targetHints":{"allow":["GET"]}}],"collection":[{"href":"https:\/\/www.aubergedesblancscailloux.be\/fr\/wp-json\/wp\/v2\/pages"}],"about":[{"href":"https:\/\/www.aubergedesblancscailloux.be\/fr\/wp-json\/wp\/v2\/types\/page"}],"author":[{"embeddable":true,"href":"https:\/\/www.aubergedesblancscailloux.be\/fr\/wp-json\/wp\/v2\/users\/4"}],"replies":[{"embeddable":true,"href":"https:\/\/www.aubergedesblancscailloux.be\/fr\/wp-json\/wp\/v2\/comments?post=521"}],"version-history":[{"count":1,"href":"https:\/\/www.aubergedesblancscailloux.be\/fr\/wp-json\/wp\/v2\/pages\/521\/revisions"}],"predecessor-version":[{"id":522,"href":"https:\/\/www.aubergedesblancscailloux.be\/fr\/wp-json\/wp\/v2\/pages\/521\/revisions\/522"}],"wp:attachment":[{"href":"https:\/\/www.aubergedesblancscailloux.be\/fr\/wp-json\/wp\/v2\/media?parent=521"}],"curies":[{"name":"wp","href":"https:\/\/api.w.org\/{rel}","templated":true}]}}